{"id":1785,"date":"2014-10-05T22:27:22","date_gmt":"2014-10-05T20:27:22","guid":{"rendered":"http:\/\/nedgis.com\/?page_id=1785"},"modified":"2024-08-20T14:16:53","modified_gmt":"2024-08-20T12:16:53","slug":"la-boutique","status":"publish","type":"page","link":"https:\/\/blog.nedgis.com\/es\/la-boutique\/","title":{"rendered":"Nuestra tienda"},"content":{"rendered":"<div class=\"wp-block-group has-global-padding is-layout-constrained wp-block-group-is-layout-constrained\">\n<p class=\"wp-block-paragraph\">Venez d\u00e9couvrir notre s\u00e9lection de luminaires : <a href=\"https:\/\/www.nedgis.com\/q\/categorie--lampe\">l\u00e1mparas<\/a>, <a href=\"https:\/\/www.nedgis.com\/q\/categorie--suspension\">suspensiones<\/a>, <a href=\"https:\/\/www.nedgis.com\/q\/categorie--lampadaire\">farolas<\/a>, <a href=\"https:\/\/www.nedgis.com\/q\/categorie--applique\">apliques de pared<\/a>, <a href=\"https:\/\/www.nedgis.com\/q\/categorie--plafonnier-et-spot\">l\u00e1mparas de techo<\/a>, <a href=\"https:\/\/www.nedgis.com\/q\/envie-de-quoi--baladeuse\">l\u00e1mparas de mano<\/a>\u2026 et nos accessoires \u00e9lectriques : <a href=\"https:\/\/www.nedgis.com\/es\/accessories\/categoria--interruptor\">interruptores<\/a>, <a href=\"https:\/\/www.nedgis.com\/es\/accessories\/categoria--enchufe\">enchufes<\/a>, <a href=\"https:\/\/www.nedgis.com\/accessories\/categorie--ampoule\">bombillas<\/a>, <a href=\"https:\/\/www.nedgis.com\/accessories\/categorie--rosace-cable\">rosaces<\/a>, <a href=\"https:\/\/www.nedgis.com\/accessories\/categorie--transformateur\">transformateurs<\/a>...<br \/><br \/>De quoi allier inspiration et r\u00e9alisation !<\/p>\n\n\n\n<figure class=\"wp-block-image size-large\"><img data-recalc-dims=\"1\" loading=\"lazy\" decoding=\"async\" width=\"1024\" height=\"422\" data-attachment-id=\"26337\" data-permalink=\"https:\/\/blog.nedgis.com\/es\/la-boutique\/header-8\/\" data-orig-file=\"https:\/\/i0.wp.com\/blog.nedgis.com\/wp-content\/uploads\/2024\/04\/header.jpg?fit=1440%2C593&amp;ssl=1\" data-orig-size=\"1440,593\" data-comments-opened=\"1\" data-image-meta=\"{&quot;aperture&quot;:&quot;0&quot;,&quot;credit&quot;:&quot;&quot;,&quot;camera&quot;:&quot;&quot;,&quot;caption&quot;:&quot;&quot;,&quot;created_timestamp&quot;:&quot;0&quot;,&quot;copyright&quot;:&quot;&quot;,&quot;focal_length&quot;:&quot;0&quot;,&quot;iso&quot;:&quot;0&quot;,&quot;shutter_speed&quot;:&quot;0&quot;,&quot;title&quot;:&quot;&quot;,&quot;orientation&quot;:&quot;0&quot;}\" data-image-title=\"header\" data-image-description=\"\" data-image-caption=\"\" data-large-file=\"https:\/\/i0.wp.com\/blog.nedgis.com\/wp-content\/uploads\/2024\/04\/header.jpg?fit=1024%2C422&amp;ssl=1\" src=\"https:\/\/i0.wp.com\/blog.nedgis.com\/wp-content\/uploads\/2024\/04\/header.jpg?resize=1024%2C422&#038;ssl=1\" alt=\"\" class=\"wp-image-26337\" srcset=\"https:\/\/i0.wp.com\/blog.nedgis.com\/wp-content\/uploads\/2024\/04\/header.jpg?resize=1024%2C422&amp;ssl=1 1024w, https:\/\/i0.wp.com\/blog.nedgis.com\/wp-content\/uploads\/2024\/04\/header.jpg?resize=300%2C124&amp;ssl=1 300w, https:\/\/i0.wp.com\/blog.nedgis.com\/wp-content\/uploads\/2024\/04\/header.jpg?resize=150%2C62&amp;ssl=1 150w, https:\/\/i0.wp.com\/blog.nedgis.com\/wp-content\/uploads\/2024\/04\/header.jpg?resize=768%2C316&amp;ssl=1 768w, https:\/\/i0.wp.com\/blog.nedgis.com\/wp-content\/uploads\/2024\/04\/header.jpg?resize=1200%2C494&amp;ssl=1 1200w, https:\/\/i0.wp.com\/blog.nedgis.com\/wp-content\/uploads\/2024\/04\/header.jpg?w=1440&amp;ssl=1 1440w\" sizes=\"auto, (max-width: 1000px) 100vw, 1000px\" \/><\/figure>\n\n\n\n<p class=\"wp-block-paragraph\">Merci et \u00e0 tr\u00e8s bient\u00f4t sur <a href=\"https:\/\/www.nedgis.com\">Nedgis.com<\/a>. <br \/><br \/>L&rsquo;\u00e9quipe Nedgis.<\/p>\n<\/div>\n\n\n\n<p class=\"wp-block-paragraph\"><\/p>","protected":false},"excerpt":{"rendered":"<p>Venez d\u00e9couvrir notre s\u00e9lection de luminaires : lampes, suspensions, lampadaires, appliques, plafonniers, baladeuses\u2026 et nos accessoires \u00e9lectriques : interrupteurs, prises, ampoules, rosaces, transformateurs&#8230; De quoi allier inspiration et r\u00e9alisation ! Merci et \u00e0 tr\u00e8s bient\u00f4t sur Nedgis.com. L&rsquo;\u00e9quipe Nedgis.<\/p>","protected":false},"author":64499198,"featured_media":0,"parent":0,"menu_order":0,"comment_status":"open","ping_status":"open","template":"","meta":{"_coblocks_attr":"","_coblocks_dimensions":"","_coblocks_responsive_height":"","_coblocks_accordion_ie_support":"","_crdt_document":"","advanced_seo_description":"","jetpack_seo_html_title":"","jetpack_seo_noindex":false,"jetpack_post_was_ever_published":false,"footnotes":""},"class_list":["post-1785","page","type-page","status-publish","hentry"],"jetpack_likes_enabled":true,"jetpack_sharing_enabled":true,"jetpack_shortlink":"https:\/\/wp.me\/P4ySCb-sN","jetpack-related-posts":[],"_links":{"self":[{"href":"https:\/\/blog.nedgis.com\/es\/wp-json\/wp\/v2\/pages\/1785","targetHints":{"allow":["GET"]}}],"collection":[{"href":"https:\/\/blog.nedgis.com\/es\/wp-json\/wp\/v2\/pages"}],"about":[{"href":"https:\/\/blog.nedgis.com\/es\/wp-json\/wp\/v2\/types\/page"}],"author":[{"embeddable":true,"href":"https:\/\/blog.nedgis.com\/es\/wp-json\/wp\/v2\/users\/64499198"}],"replies":[{"embeddable":true,"href":"https:\/\/blog.nedgis.com\/es\/wp-json\/wp\/v2\/comments?post=1785"}],"version-history":[{"count":27,"href":"https:\/\/blog.nedgis.com\/es\/wp-json\/wp\/v2\/pages\/1785\/revisions"}],"predecessor-version":[{"id":27545,"href":"https:\/\/blog.nedgis.com\/es\/wp-json\/wp\/v2\/pages\/1785\/revisions\/27545"}],"wp:attachment":[{"href":"https:\/\/blog.nedgis.com\/es\/wp-json\/wp\/v2\/media?parent=1785"}],"curies":[{"name":"wp","href":"https:\/\/api.w.org\/{rel}","templated":true}]}}